{"id":27,"date":"2023-01-20T16:15:53","date_gmt":"2023-01-20T16:15:53","guid":{"rendered":"https:\/\/pedrolabs.com.br\/?page_id=27"},"modified":"2023-10-30T20:49:44","modified_gmt":"2023-10-30T20:49:44","slug":"lista","status":"publish","type":"page","link":"https:\/\/pedrolabs.com.br\/index.php\/lista\/","title":{"rendered":"lista"},"content":{"rendered":"\n<div class=\"is-layout-flex wp-container-2 wp-block-columns\">\n<div class=\"is-layout-flow wp-block-column\" style=\"flex-basis:100%\">\n<ul>\n<li><a href=\"https:\/\/pedrolabs.com.br\/index.php\/2023\/01\/19\/0000\/\" data-type=\"URL\" data-id=\"https:\/\/pedrolabs.com.br\/index.php\/2023\/01\/19\/0000\/\">0000 &#8211; O CARIMBO<\/a><\/li>\n\n\n\n<li><a href=\"https:\/\/pedrolabs.com.br\/index.php\/2023\/01\/23\/0001-brinquedo-de-rolar-da-perola\/\" data-type=\"URL\" data-id=\"https:\/\/pedrolabs.com.br\/index.php\/2023\/01\/23\/0001-brinquedo-de-rolar-da-perola\/\">0001  &#8211;  BRINQUEDO DE ROLAR DA P\u00c9ROLA<\/a><\/li>\n\n\n\n<li><a href=\"https:\/\/pedrolabs.com.br\/index.php\/2023\/02\/13\/0002-playground-de-bebes-da-perola\/\" data-type=\"URL\" data-id=\"https:\/\/pedrolabs.com.br\/index.php\/2023\/02\/13\/0002-playground-de-bebes-da-perola\/\">0002 &#8211;  PLAYGROUND DE BEB\u00caS DA P\u00c9ROLA<\/a><\/li>\n\n\n\n<li><a href=\"https:\/\/pedrolabs.com.br\/index.php\/2023\/02\/18\/0003-reabilitacao-de-uma-cadeira-de-balanco\/\">0003 &#8211; REABILITA\u00c7\u00c3O DE UMA CADEIRA DE BALAN\u00c7O <\/a><\/li>\n\n\n\n<li><a href=\"https:\/\/pedrolabs.com.br\/index.php\/2023\/04\/05\/0004-contador-de-mesversario\/\">0004  &#8211; CONTADOR DE M\u00caSVERS\u00c1RIO DA P\u00c9ROLA<\/a><\/li>\n\n\n\n<li><a href=\"https:\/\/pedrolabs.com.br\/index.php\/2023\/04\/05\/0005-relogio-de-parede\/\">0005 &#8211; REL\u00d3GIO DE PAREDE<\/a><\/li>\n\n\n\n<li><a href=\"https:\/\/pedrolabs.com.br\/index.php\/2023\/05\/04\/0006-porta-guardanapos\/\">0006 &#8211; PORTA GUARDANAPOS<\/a><\/li>\n\n\n\n<li><a href=\"https:\/\/pedrolabs.com.br\/index.php\/2023\/07\/25\/0007-hack-no-brinquedo\/\">0007 &#8211;  TOY HACKING<\/a><\/li>\n\n\n\n<li><a href=\"https:\/\/pedrolabs.com.br\/index.php\/2023\/08\/25\/0008-caixinha-para-mae\/\">0008 &#8211; CAIXINHA PARA M\u00c3E <\/a><\/li>\n\n\n\n<li><a href=\"https:\/\/pedrolabs.com.br\/index.php\/2023\/10\/30\/0009-tabua-de-corte-para-o-carlao\/\">0009 &#8211; T\u00c1BUA DE CORTE PARA O CARL\u00c3O <\/a><\/li>\n\n\n\n<li>0010 &#8211; <\/li>\n\n\n\n<li>  <\/li>\n\n\n\n<li>  <\/li>\n\n\n\n<li>  <\/li>\n\n\n\n<li>9999 &#8211;<\/li>\n<\/ul>\n<\/div>\n<\/div>\n","protected":false},"excerpt":{"rendered":"","protected":false},"author":1,"featured_media":0,"parent":0,"menu_order":0,"comment_status":"closed","ping_status":"closed","template":"","meta":[],"_links":{"self":[{"href":"https:\/\/pedrolabs.com.br\/index.php\/wp-json\/wp\/v2\/pages\/27"}],"collection":[{"href":"https:\/\/pedrolabs.com.br\/index.php\/wp-json\/wp\/v2\/pages"}],"about":[{"href":"https:\/\/pedrolabs.com.br\/index.php\/wp-json\/wp\/v2\/types\/page"}],"author":[{"embeddable":true,"href":"https:\/\/pedrolabs.com.br\/index.php\/wp-json\/wp\/v2\/users\/1"}],"replies":[{"embeddable":true,"href":"https:\/\/pedrolabs.com.br\/index.php\/wp-json\/wp\/v2\/comments?post=27"}],"version-history":[{"count":14,"href":"https:\/\/pedrolabs.com.br\/index.php\/wp-json\/wp\/v2\/pages\/27\/revisions"}],"predecessor-version":[{"id":223,"href":"https:\/\/pedrolabs.com.br\/index.php\/wp-json\/wp\/v2\/pages\/27\/revisions\/223"}],"wp:attachment":[{"href":"https:\/\/pedrolabs.com.br\/index.php\/wp-json\/wp\/v2\/media?parent=27"}],"curies":[{"name":"wp","href":"https:\/\/api.w.org\/{rel}","templated":true}]}}